{"id":1989,"date":"2025-05-15T11:09:43","date_gmt":"2025-05-15T09:09:43","guid":{"rendered":"https:\/\/sqy-therapeutics.com\/legal\/"},"modified":"2025-07-17T14:14:08","modified_gmt":"2025-07-17T12:14:08","slug":"legal","status":"publish","type":"page","link":"https:\/\/sqy-therapeutics.com\/en\/legal\/","title":{"rendered":"Legal"},"content":{"rendered":"\t\t<div data-elementor-type=\"wp-page\" data-elementor-id=\"1989\" class=\"elementor elementor-1989 elementor-266\" data-elementor-post-type=\"page\">\n\t\t\t\t<div class=\"elementor-element elementor-element-82cb5b8 e-con-full marges-conteneur-parent  e-flex e-con e-parent\" data-id=\"82cb5b8\" data-element_type=\"container\" data-e-type=\"container\" data-settings=\"{&quot;background_background&quot;:&quot;classic&quot;}\">\n\t\t<div class=\"elementor-element elementor-element-c8815aa e-con-full e-flex e-con e-child\" data-id=\"c8815aa\" data-element_type=\"container\" data-e-type=\"container\">\n\t\t<div class=\"elementor-element elementor-element-786ef06 e-flex e-con-boxed e-con e-child\" data-id=\"786ef06\" data-element_type=\"container\" data-e-type=\"container\" data-settings=\"{&quot;background_background&quot;:&quot;gradient&quot;}\">\n\t\t\t\t\t<div class=\"e-con-inner\">\n\t\t\t\t<div class=\"elementor-element elementor-element-554d63c elementor-absolute elementor-view-default elementor-widget elementor-widget-icon\" data-id=\"554d63c\" data-element_type=\"widget\" data-e-type=\"widget\" data-settings=\"{&quot;_position&quot;:&quot;absolute&quot;}\" data-widget_type=\"icon.default\">\n\t\t\t\t<div class=\"elementor-widget-container\">\n\t\t\t\t\t\t\t<div class=\"elementor-icon-wrapper\">\n\t\t\t<div class=\"elementor-icon\">\n\t\t\t<svg xmlns=\"http:\/\/www.w3.org\/2000\/svg\" width=\"51\" height=\"41\" viewBox=\"0 0 51 41\" fill=\"none\"><path d=\"M21.9993 0C21.9993 22.0336 33.4656 28.1924 50.9863 28.1924V40.0853H-0.000663757V0H21.9993Z\" fill=\"white\"><\/path><\/svg>\t\t\t<\/div>\n\t\t<\/div>\n\t\t\t\t\t\t<\/div>\n\t\t\t\t<\/div>\n\t\t<div class=\"elementor-element elementor-element-6e43268 e-con-full e-flex e-con e-child\" data-id=\"6e43268\" data-element_type=\"container\" data-e-type=\"container\">\n\t\t\t\t<div class=\"elementor-element elementor-element-787a3a8 elementor-widget elementor-widget-heading\" data-id=\"787a3a8\" data-element_type=\"widget\" data-e-type=\"widget\" data-widget_type=\"heading.default\">\n\t\t\t\t<div class=\"elementor-widget-container\">\n\t\t\t\t\t<h2 class=\"elementor-heading-title elementor-size-default\">Legal<\/h2>\t\t\t\t<\/div>\n\t\t\t\t<\/div>\n\t\t\t\t<\/div>\n\t\t\t\t<div class=\"elementor-element elementor-element-7d371a9 elementor-absolute elementor-view-default elementor-widget elementor-widget-icon\" data-id=\"7d371a9\" data-element_type=\"widget\" data-e-type=\"widget\" data-settings=\"{&quot;_position&quot;:&quot;absolute&quot;}\" data-widget_type=\"icon.default\">\n\t\t\t\t<div class=\"elementor-widget-container\">\n\t\t\t\t\t\t\t<div class=\"elementor-icon-wrapper\">\n\t\t\t<div class=\"elementor-icon\">\n\t\t\t<svg xmlns=\"http:\/\/www.w3.org\/2000\/svg\" width=\"41\" height=\"51\" viewBox=\"0 0 41 51\" fill=\"none\"><path d=\"M40.0853 22C18.0516 22 11.8928 33.4663 11.8929 50.987H0V7.62939e-06H40.0853V22Z\" fill=\"white\"><\/path><\/svg>\t\t\t<\/div>\n\t\t<\/div>\n\t\t\t\t\t\t<\/div>\n\t\t\t\t<\/div>\n\t\t<div class=\"elementor-element elementor-element-29e143c e-con-full e-flex e-con e-child\" data-id=\"29e143c\" data-element_type=\"container\" data-e-type=\"container\">\n\t\t\t\t<div class=\"elementor-element elementor-element-bb95a6b elementor-widget elementor-widget-heading\" data-id=\"bb95a6b\" data-element_type=\"widget\" data-e-type=\"widget\" data-widget_type=\"heading.default\">\n\t\t\t\t<div class=\"elementor-widget-container\">\n\t\t\t\t\t<h2 class=\"elementor-heading-title elementor-size-default\">information<\/h2>\t\t\t\t<\/div>\n\t\t\t\t<\/div>\n\t\t\t\t<div class=\"elementor-element elementor-element-1f12911 elementor-view-default elementor-widget elementor-widget-icon\" data-id=\"1f12911\" data-element_type=\"widget\" data-e-type=\"widget\" data-widget_type=\"icon.default\">\n\t\t\t\t<div class=\"elementor-widget-container\">\n\t\t\t\t\t\t\t<div class=\"elementor-icon-wrapper\">\n\t\t\t<div class=\"elementor-icon\">\n\t\t\t<svg xmlns=\"http:\/\/www.w3.org\/2000\/svg\" width=\"41\" height=\"51\" viewBox=\"0 0 41 51\" fill=\"none\"><path d=\"M40.0853 22C18.0516 22 11.8928 33.4663 11.8929 50.987H0V7.62939e-06H40.0853V22Z\" fill=\"white\"><\/path><\/svg>\t\t\t<\/div>\n\t\t<\/div>\n\t\t\t\t\t\t<\/div>\n\t\t\t\t<\/div>\n\t\t\t\t<\/div>\n\t\t\t\t\t<\/div>\n\t\t\t\t<\/div>\n\t\t\t\t<\/div>\n\t\t<div class=\"elementor-element elementor-element-47ce5f3 e-flex e-con-boxed e-con e-child\" data-id=\"47ce5f3\" data-element_type=\"container\" data-e-type=\"container\">\n\t\t\t\t\t<div class=\"e-con-inner\">\n\t\t\t\t<div class=\"elementor-element elementor-element-5eeb58f elementor-widget elementor-widget-text-editor\" data-id=\"5eeb58f\" data-element_type=\"widget\" data-e-type=\"widget\" data-widget_type=\"text-editor.default\">\n\t\t\t\t<div class=\"elementor-widget-container\">\n\t\t\t\t\t\t\t\t\t<p>The sqy-therapeutics.com website belongs to SQY THERAPEUTICS, SASU with a share capital of \u20ac47,058.00.<\/p><p>SIRET : 80902283300044<\/p><p>809 022 833 R.C.S. Versailles<\/p><p>Headquarters: Parc Ariane \u2013 B\u00e2timent Pluton, 2 rue H\u00e9l\u00e8ne Boucher, 78280 Guyancourt<\/p><p>Publishing Director: Christine SAULNIER<\/p><p>Email: christine.saulnier@sqy-therapeutics.com<\/p>\t\t\t\t\t\t\t\t<\/div>\n\t\t\t\t<\/div>\n\t\t\t\t<div class=\"elementor-element elementor-element-29b65e8 elementor-widget elementor-widget-heading\" data-id=\"29b65e8\" data-element_type=\"widget\" data-e-type=\"widget\" data-widget_type=\"heading.default\">\n\t\t\t\t<div class=\"elementor-widget-container\">\n\t\t\t\t\t<h2 class=\"elementor-heading-title elementor-size-default\">Hosting<\/h2>\t\t\t\t<\/div>\n\t\t\t\t<\/div>\n\t\t\t\t<div class=\"elementor-element elementor-element-67c42aa elementor-widget elementor-widget-text-editor\" data-id=\"67c42aa\" data-element_type=\"widget\" data-e-type=\"widget\" data-widget_type=\"text-editor.default\">\n\t\t\t\t<div class=\"elementor-widget-container\">\n\t\t\t\t\t\t\t\t\t<p>The site is hosted by OVH, head office: 2 rue Kellermann, 59100 Roubaix, France.<\/p>\t\t\t\t\t\t\t\t<\/div>\n\t\t\t\t<\/div>\n\t\t\t\t<div class=\"elementor-element elementor-element-b5877e7 elementor-widget elementor-widget-heading\" data-id=\"b5877e7\" data-element_type=\"widget\" data-e-type=\"widget\" data-widget_type=\"heading.default\">\n\t\t\t\t<div class=\"elementor-widget-container\">\n\t\t\t\t\t<h2 class=\"elementor-heading-title elementor-size-default\">Privacy policy<\/h2>\t\t\t\t<\/div>\n\t\t\t\t<\/div>\n\t\t\t\t<div class=\"elementor-element elementor-element-55b5191 elementor-widget elementor-widget-text-editor\" data-id=\"55b5191\" data-element_type=\"widget\" data-e-type=\"widget\" data-widget_type=\"text-editor.default\">\n\t\t\t\t<div class=\"elementor-widget-container\">\n\t\t\t\t\t\t\t\t\t<p>The information entered on the contact form is only used to contact you later. This data is transmitted securely and encrypted using the HTTPS protocol. Data is not transmitted to third parties and is stored securely on OVH servers only for the duration of our exchanges.<\/p>\t\t\t\t\t\t\t\t<\/div>\n\t\t\t\t<\/div>\n\t\t\t\t<div class=\"elementor-element elementor-element-c70ddfa elementor-widget elementor-widget-heading\" data-id=\"c70ddfa\" data-element_type=\"widget\" data-e-type=\"widget\" data-widget_type=\"heading.default\">\n\t\t\t\t<div class=\"elementor-widget-container\">\n\t\t\t\t\t<h2 class=\"elementor-heading-title elementor-size-default\">Cookies<\/h2>\t\t\t\t<\/div>\n\t\t\t\t<\/div>\n\t\t\t\t<div class=\"elementor-element elementor-element-37527f5 elementor-widget elementor-widget-text-editor\" data-id=\"37527f5\" data-element_type=\"widget\" data-e-type=\"widget\" data-widget_type=\"text-editor.default\">\n\t\t\t\t<div class=\"elementor-widget-container\">\n\t\t\t\t\t\t\t\t\t<p>This website does not use third-party cookies.<\/p>\t\t\t\t\t\t\t\t<\/div>\n\t\t\t\t<\/div>\n\t\t\t\t\t<\/div>\n\t\t\t\t<\/div>\n\t\t\t\t<\/div>\n\t\t\t\t<\/div>\n\t\t","protected":false},"excerpt":{"rendered":"<p>Legal information The sqy-therapeutics.com website belongs to SQY THERAPEUTICS, SASU with a share capital of \u20ac47,058.00. SIRET : 80902283300044 809 022 833 R.C.S. Versailles Headquarters: Parc Ariane \u2013 B\u00e2timent Pluton, 2 rue H\u00e9l\u00e8ne Boucher, 78280 Guyancourt Publishing Director: Christine SAULNIER Email: christine.saulnier@sqy-therapeutics.com Hosting The site is hosted by OVH, head office: 2 rue Kellermann, 59100 [&hellip;]<\/p>\n","protected":false},"author":1,"featured_media":0,"parent":0,"menu_order":0,"comment_status":"closed","ping_status":"closed","template":"","meta":{"footnotes":""},"class_list":["post-1989","page","type-page","status-publish","hentry"],"_links":{"self":[{"href":"https:\/\/sqy-therapeutics.com\/en\/wp-json\/wp\/v2\/pages\/1989","targetHints":{"allow":["GET"]}}],"collection":[{"href":"https:\/\/sqy-therapeutics.com\/en\/wp-json\/wp\/v2\/pages"}],"about":[{"href":"https:\/\/sqy-therapeutics.com\/en\/wp-json\/wp\/v2\/types\/page"}],"author":[{"embeddable":true,"href":"https:\/\/sqy-therapeutics.com\/en\/wp-json\/wp\/v2\/users\/1"}],"replies":[{"embeddable":true,"href":"https:\/\/sqy-therapeutics.com\/en\/wp-json\/wp\/v2\/comments?post=1989"}],"version-history":[{"count":0,"href":"https:\/\/sqy-therapeutics.com\/en\/wp-json\/wp\/v2\/pages\/1989\/revisions"}],"wp:attachment":[{"href":"https:\/\/sqy-therapeutics.com\/en\/wp-json\/wp\/v2\/media?parent=1989"}],"curies":[{"name":"wp","href":"https:\/\/api.w.org\/{rel}","templated":true}]}}